{"id":25034,"date":"2023-09-19T05:56:41","date_gmt":"2023-09-19T03:56:41","guid":{"rendered":"https:\/\/bioinfo.genotoul.fr\/?page_id=25034"},"modified":"2023-09-19T05:57:48","modified_gmt":"2023-09-19T03:57:48","slug":"genologin-to-genobioinfo","status":"publish","type":"page","link":"https:\/\/bioinfo.genotoul.fr\/index.php\/genologin-to-genobioinfo\/","title":{"rendered":"Genologin to Genobioinfo"},"content":{"rendered":"<p>(Mail du 05\/07\/2023)<\/p>\n<h3 style=\"text-align: justify;\"><strong>Migration sur le nouveau cluster et dates limites<\/strong><\/h3>\n<p>Chers utilisateurs,<\/p>\n<p>Ce message a pour objectif de vous informer des cons\u00e9quences du renouvellement de l\u2019infrastructure de calcul Genotoul-Bioinfo.<\/p>\n<p><strong>Nous souhaitons conclure la migration du cluster \u00ab genologin \u00bb vers le nouveau cluster \u00ab genobioinfo \u00bb fin d\u00e9cembre 2023.<\/strong><\/p>\n<p>Nous avons pr\u00e9sent\u00e9 les changements et la nouvelle infrastructure lors d\u2019un s\u00e9minaire d\u00e9di\u00e9.<\/p>\n<p>Vous trouverez la pr\u00e9sentation qui contient de nombreuses informations utiles sur ce lien : http:\/\/genoweb.toulouse.inra.fr\/~formation\/cluster\/doc\/SEMINAIRE_MIAT_2023.pdf<\/p>\n<p><strong>Toutes vos donn\u00e9es et vos travaux devront \u00eatre transf\u00e9r\u00e9s et si besoin adapt\u00e9s d\u2019ici la fermeture.<\/strong><\/p>\n<p>Vous trouverez ci-dessous quelques informations suppl\u00e9mentaires vous permettant cette migration :<\/p>\n<p>Le nouveau cluster \u00ab genobioinfo \u00bb est accessible via la commande suivante :<\/p>\n<p><strong>ssh login_utilisateur@genobioinfo.toulouse.inrae.fr<\/strong><\/p>\n<p><span style=\"text-decoration: underline;\"><strong>Transfert des donn\u00e9es<\/strong><\/span><\/p>\n<p>Les donn\u00e9es qui sont dans le save ne doivent pas \u00eatre transf\u00e9r\u00e9es. Elles sont partag\u00e9es entre l\u2019ancienne et la nouvelle infrastructure.<\/p>\n<p>Les donn\u00e9es qui sont dans le \/home et le \/work ne sont PAS r\u00e9cup\u00e9r\u00e9es.<\/p>\n<p>Si vous souhaitez r\u00e9cup\u00e9rer les donn\u00e9es depuis votre espace disque personnel \/work\/username, alors vous pouvez utiliser la commande suivante (depuis le nouveau serveur genobioinfo ou via slurm : sbatch ou srun) :<\/p>\n<p><strong>rsync -avh \/oldwork\/username\/ \/work\/user\/username\/<\/strong><\/p>\n<p>(voir diapo num\u00e9ro 46 du s\u00e9minaire)<\/p>\n<p>Les donn\u00e9es qui sont dans les espaces projets (\/work\/project) seront transf\u00e9r\u00e9es par notre \u00e9quipe. Vous serez contact\u00e9\u00b7e pour cela au fur et \u00e0 mesure des renouvellements de contrats ou bien en fonction de vos demandes (extensions d\u2019espace disques, arriv\u00e9e d\u2019une nouvelle personne dans le projet, utilisation de nouveaux logiciels&#8230;)<\/p>\n<p>Pour planifier la migration de vos machines virtuelles, veuillez nous contacter : support.bioinfo.genotoul@inrae.fr<\/p>\n<p><span style=\"text-decoration: underline;\"><strong>Changements<\/strong><\/span><\/p>\n<p>La nouvelle infrastructure diff\u00e8re de la pr\u00e9c\u00e9dente sur les points suivants :<\/p>\n<p>\u00b7 L\u2019espace disque \/save\/username s\u2019appelle d\u00e9sormais \/save\/user\/username<\/p>\n<p>\u00b7 L\u2019espace disque \/work\/username s\u2019appelle d\u00e9sormais \/work\/user\/username<\/p>\n<p>\u00b7 Il n\u2019y a plus de partition smpq : tous les n\u0153uds de calcul sont \u00e0 grosse m\u00e9moire partag\u00e9e<\/p>\n<p>\u00b7 modules : les noms des modules pr\u00e9c\u00e9dents ne sont pas repris, et diff\u00e8rent l\u00e9g\u00e8rement.<\/p>\n<p>\u00b7 chemins vers les ex\u00e9cutables : l\u2019organisation des fichiers contenant les ex\u00e9cutables n\u2019est pas la m\u00eame.<\/p>\n<p>\u00b7 logiciels : tous les logiciels ne sont pas r\u00e9install\u00e9s sur le nouveau cluster \u00ab genobioinfo \u00bb ?<\/p>\n<p>\nPour faire une demande d\u2019installation : https:\/\/bioinfo.genotoul.fr\/index.php\/ask-for\/install-soft\/ (cf \u00e0 partir de la diapo 30 du s\u00e9minaire)<\/p>\n<p><strong>A partir de mi-septembre 2023, plus aucun logiciel ne sera install\u00e9 sur l\u2019ancien cluster \u00ab genologin \u00bb.<\/strong><\/p>\n<p>D\u00e8s \u00e0 pr\u00e9sent, les installations sur le nouveau cluster sont prioritaires.<\/p>\n<p>Les vacances entra\u00eenant un support r\u00e9duit durant cet \u00e9t\u00e9, nous vous invitons \u00e0 faire vos demandes d\u2019installation au plus t\u00f4t.<\/p>\n<p>A partir de mi-septembre, les quotas d\u2019heures de calcul ne seront plus augment\u00e9s sur l\u2019ancien cluster \u00ab genologin \u00bb.<\/p>\n<p>Des dispositions particuli\u00e8res pourront \u00eatre discut\u00e9es pour les projets dans l\u2019impossibilit\u00e9 de migrer \u00e0 cette date.<\/p>\n<p>Nous sommes, comme toujours, \u00e0 votre disposition si vous avez des questions ou des difficult\u00e9s \u00e0 utiliser la nouvelle infrastructure (support.bioinfo.genotoul@inrae.fr).<\/p>\n<p>Bien cordialement,<\/p>\n<p>L\u2019\u00e9quipe de la plateforme GenoToul-Bioinfo.<\/p>\n","protected":false},"excerpt":{"rendered":"<p>(Mail du 05\/07\/2023) Migration sur le nouveau cluster et dates limites Chers utilisateurs, Ce message a pour objectif de vous informer des cons\u00e9quences du renouvellement de l\u2019infrastructure de calcul Genotoul-Bioinfo. Nous souhaitons conclure la&#46;&#46;&#46;<\/p>\n","protected":false},"author":5,"featured_media":0,"parent":0,"menu_order":0,"comment_status":"closed","ping_status":"closed","template":"","meta":[],"yoast_head":"<!-- This site is optimized with the Yoast SEO plugin v20.2 - https:\/\/yoast.com\/wordpress\/plugins\/seo\/ -->\n<title>Genologin to Genobioinfo - genotoul-bioinfo<\/title>\n<meta name=\"robots\" content=\"index, follow, max-snippet:-1, max-image-preview:large, max-video-preview:-1\" \/>\n<link rel=\"canonical\" href=\"https:\/\/bioinfo.genotoul.fr\/index.php\/genologin-to-genobioinfo\/\" \/>\n<meta property=\"og:locale\" content=\"en_US\" \/>\n<meta property=\"og:type\" content=\"article\" \/>\n<meta property=\"og:title\" content=\"Genologin to Genobioinfo - genotoul-bioinfo\" \/>\n<meta property=\"og:description\" content=\"(Mail du 05\/07\/2023) Migration sur le nouveau cluster et dates limites Chers utilisateurs, Ce message a pour objectif de vous informer des cons\u00e9quences du renouvellement de l\u2019infrastructure de calcul Genotoul-Bioinfo. Nous souhaitons conclure la&#046;&#046;&#046;\" \/>\n<meta property=\"og:url\" content=\"https:\/\/bioinfo.genotoul.fr\/index.php\/genologin-to-genobioinfo\/\" \/>\n<meta property=\"og:site_name\" content=\"genotoul-bioinfo\" \/>\n<meta property=\"article:modified_time\" content=\"2023-09-19T03:57:48+00:00\" \/>\n<meta name=\"twitter:card\" content=\"summary_large_image\" \/>\n<meta name=\"twitter:label1\" content=\"Est. reading time\" \/>\n\t<meta name=\"twitter:data1\" content=\"3 minutes\" \/>\n<script type=\"application\/ld+json\" class=\"yoast-schema-graph\">{\"@context\":\"https:\/\/schema.org\",\"@graph\":[{\"@type\":\"WebPage\",\"@id\":\"https:\/\/bioinfo.genotoul.fr\/index.php\/genologin-to-genobioinfo\/\",\"url\":\"https:\/\/bioinfo.genotoul.fr\/index.php\/genologin-to-genobioinfo\/\",\"name\":\"Genologin to Genobioinfo - genotoul-bioinfo\",\"isPartOf\":{\"@id\":\"https:\/\/bioinfo.genotoul.fr\/#website\"},\"datePublished\":\"2023-09-19T03:56:41+00:00\",\"dateModified\":\"2023-09-19T03:57:48+00:00\",\"breadcrumb\":{\"@id\":\"https:\/\/bioinfo.genotoul.fr\/index.php\/genologin-to-genobioinfo\/#breadcrumb\"},\"inLanguage\":\"en-US\",\"potentialAction\":[{\"@type\":\"ReadAction\",\"target\":[\"https:\/\/bioinfo.genotoul.fr\/index.php\/genologin-to-genobioinfo\/\"]}]},{\"@type\":\"BreadcrumbList\",\"@id\":\"https:\/\/bioinfo.genotoul.fr\/index.php\/genologin-to-genobioinfo\/#breadcrumb\",\"itemListElement\":[{\"@type\":\"ListItem\",\"position\":1,\"name\":\"Home\",\"item\":\"https:\/\/bioinfo.genotoul.fr\/\"},{\"@type\":\"ListItem\",\"position\":2,\"name\":\"Genologin to Genobioinfo\"}]},{\"@type\":\"WebSite\",\"@id\":\"https:\/\/bioinfo.genotoul.fr\/#website\",\"url\":\"https:\/\/bioinfo.genotoul.fr\/\",\"name\":\"genotoul-bioinfo\",\"description\":\"\",\"publisher\":{\"@id\":\"https:\/\/bioinfo.genotoul.fr\/#organization\"},\"potentialAction\":[{\"@type\":\"SearchAction\",\"target\":{\"@type\":\"EntryPoint\",\"urlTemplate\":\"https:\/\/bioinfo.genotoul.fr\/?s={search_term_string}\"},\"query-input\":\"required name=search_term_string\"}],\"inLanguage\":\"en-US\"},{\"@type\":\"Organization\",\"@id\":\"https:\/\/bioinfo.genotoul.fr\/#organization\",\"name\":\"genotoul-bioinfo\",\"url\":\"https:\/\/bioinfo.genotoul.fr\/\",\"logo\":{\"@type\":\"ImageObject\",\"inLanguage\":\"en-US\",\"@id\":\"https:\/\/bioinfo.genotoul.fr\/#\/schema\/logo\/image\/\",\"url\":\"\",\"contentUrl\":\"\",\"caption\":\"genotoul-bioinfo\"},\"image\":{\"@id\":\"https:\/\/bioinfo.genotoul.fr\/#\/schema\/logo\/image\/\"}}]}<\/script>\n<!-- \/ Yoast SEO plugin. -->","yoast_head_json":{"title":"Genologin to Genobioinfo - genotoul-bioinfo","robots":{"index":"index","follow":"follow","max-snippet":"max-snippet:-1","max-image-preview":"max-image-preview:large","max-video-preview":"max-video-preview:-1"},"canonical":"https:\/\/bioinfo.genotoul.fr\/index.php\/genologin-to-genobioinfo\/","og_locale":"en_US","og_type":"article","og_title":"Genologin to Genobioinfo - genotoul-bioinfo","og_description":"(Mail du 05\/07\/2023) Migration sur le nouveau cluster et dates limites Chers utilisateurs, Ce message a pour objectif de vous informer des cons\u00e9quences du renouvellement de l\u2019infrastructure de calcul Genotoul-Bioinfo. Nous souhaitons conclure la&#46;&#46;&#46;","og_url":"https:\/\/bioinfo.genotoul.fr\/index.php\/genologin-to-genobioinfo\/","og_site_name":"genotoul-bioinfo","article_modified_time":"2023-09-19T03:57:48+00:00","twitter_card":"summary_large_image","twitter_misc":{"Est. reading time":"3 minutes"},"schema":{"@context":"https:\/\/schema.org","@graph":[{"@type":"WebPage","@id":"https:\/\/bioinfo.genotoul.fr\/index.php\/genologin-to-genobioinfo\/","url":"https:\/\/bioinfo.genotoul.fr\/index.php\/genologin-to-genobioinfo\/","name":"Genologin to Genobioinfo - genotoul-bioinfo","isPartOf":{"@id":"https:\/\/bioinfo.genotoul.fr\/#website"},"datePublished":"2023-09-19T03:56:41+00:00","dateModified":"2023-09-19T03:57:48+00:00","breadcrumb":{"@id":"https:\/\/bioinfo.genotoul.fr\/index.php\/genologin-to-genobioinfo\/#breadcrumb"},"inLanguage":"en-US","potentialAction":[{"@type":"ReadAction","target":["https:\/\/bioinfo.genotoul.fr\/index.php\/genologin-to-genobioinfo\/"]}]},{"@type":"BreadcrumbList","@id":"https:\/\/bioinfo.genotoul.fr\/index.php\/genologin-to-genobioinfo\/#breadcrumb","itemListElement":[{"@type":"ListItem","position":1,"name":"Home","item":"https:\/\/bioinfo.genotoul.fr\/"},{"@type":"ListItem","position":2,"name":"Genologin to Genobioinfo"}]},{"@type":"WebSite","@id":"https:\/\/bioinfo.genotoul.fr\/#website","url":"https:\/\/bioinfo.genotoul.fr\/","name":"genotoul-bioinfo","description":"","publisher":{"@id":"https:\/\/bioinfo.genotoul.fr\/#organization"},"potentialAction":[{"@type":"SearchAction","target":{"@type":"EntryPoint","urlTemplate":"https:\/\/bioinfo.genotoul.fr\/?s={search_term_string}"},"query-input":"required name=search_term_string"}],"inLanguage":"en-US"},{"@type":"Organization","@id":"https:\/\/bioinfo.genotoul.fr\/#organization","name":"genotoul-bioinfo","url":"https:\/\/bioinfo.genotoul.fr\/","logo":{"@type":"ImageObject","inLanguage":"en-US","@id":"https:\/\/bioinfo.genotoul.fr\/#\/schema\/logo\/image\/","url":"","contentUrl":"","caption":"genotoul-bioinfo"},"image":{"@id":"https:\/\/bioinfo.genotoul.fr\/#\/schema\/logo\/image\/"}}]}},"_links":{"self":[{"href":"https:\/\/bioinfo.genotoul.fr\/index.php\/wp-json\/wp\/v2\/pages\/25034"}],"collection":[{"href":"https:\/\/bioinfo.genotoul.fr\/index.php\/wp-json\/wp\/v2\/pages"}],"about":[{"href":"https:\/\/bioinfo.genotoul.fr\/index.php\/wp-json\/wp\/v2\/types\/page"}],"author":[{"embeddable":true,"href":"https:\/\/bioinfo.genotoul.fr\/index.php\/wp-json\/wp\/v2\/users\/5"}],"replies":[{"embeddable":true,"href":"https:\/\/bioinfo.genotoul.fr\/index.php\/wp-json\/wp\/v2\/comments?post=25034"}],"version-history":[{"count":2,"href":"https:\/\/bioinfo.genotoul.fr\/index.php\/wp-json\/wp\/v2\/pages\/25034\/revisions"}],"predecessor-version":[{"id":25036,"href":"https:\/\/bioinfo.genotoul.fr\/index.php\/wp-json\/wp\/v2\/pages\/25034\/revisions\/25036"}],"wp:attachment":[{"href":"https:\/\/bioinfo.genotoul.fr\/index.php\/wp-json\/wp\/v2\/media?parent=25034"}],"curies":[{"name":"wp","href":"https:\/\/api.w.org\/{rel}","templated":true}]}}